{"id":436,"date":"2018-12-03T22:19:54","date_gmt":"2018-12-03T22:19:54","guid":{"rendered":"https:\/\/levihuskypark.fi\/our-kennel\/"},"modified":"2025-10-27T07:30:50","modified_gmt":"2025-10-27T07:30:50","slug":"kennel","status":"publish","type":"page","link":"https:\/\/levihuskypark.fi\/en\/kennel\/","title":{"rendered":"kennel"},"content":{"rendered":"<p>[et_pb_section fb_built=&#8221;1&#8243; fullwidth=&#8221;on&#8221; next_background_color=&#8221;#ffffff&#8221; admin_label=&#8221;Header Section&#8221; _builder_version=&#8221;4.16&#8243; background_image=&#8221;https:\/\/levihuskypark.fi\/wp-content\/uploads\/2018\/11\/levihuskypark.jpg&#8221; custom_margin=&#8221;50px|||&#8221; bottom_divider_style=&#8221;ramp&#8221; bottom_divider_flip=&#8221;horizontal&#8221; global_colors_info=&#8221;{}&#8221;][et_pb_fullwidth_header _builder_version=&#8221;4.16&#8243; title_font_size=&#8221;37px&#8221; background_color=&#8221;#7ebec5&#8243; background_image=&#8221;https:\/\/levihuskypark.fi\/wp-content\/uploads\/2018\/11\/levihuskypark.jpg&#8221; parallax=&#8221;on&#8221; custom_margin=&#8221;10px|||&#8221; global_colors_info=&#8221;{}&#8221; button_one_text_size__hover_enabled=&#8221;off&#8221; button_one_text_size__hover=&#8221;null&#8221; button_two_text_size__hover_enabled=&#8221;off&#8221; button_two_text_size__hover=&#8221;null&#8221; button_one_text_color__hover_enabled=&#8221;off&#8221; button_one_text_color__hover=&#8221;null&#8221; button_two_text_color__hover_enabled=&#8221;off&#8221; button_two_text_color__hover=&#8221;null&#8221; button_one_border_width__hover_enabled=&#8221;off&#8221; button_one_border_width__hover=&#8221;null&#8221; button_two_border_width__hover_enabled=&#8221;off&#8221; button_two_border_width__hover=&#8221;null&#8221; button_one_border_color__hover_enabled=&#8221;off&#8221; button_one_border_color__hover=&#8221;null&#8221; button_two_border_color__hover_enabled=&#8221;off&#8221; button_two_border_color__hover=&#8221;null&#8221; button_one_border_radius__hover_enabled=&#8221;off&#8221; button_one_border_radius__hover=&#8221;null&#8221; button_two_border_radius__hover_enabled=&#8221;off&#8221; button_two_border_radius__hover=&#8221;null&#8221; button_one_letter_spacing__hover_enabled=&#8221;off&#8221; button_one_letter_spacing__hover=&#8221;null&#8221; button_two_letter_spacing__hover_enabled=&#8221;off&#8221; button_two_letter_spacing__hover=&#8221;null&#8221; button_one_bg_color__hover_enabled=&#8221;off&#8221; button_one_bg_color__hover=&#8221;null&#8221; button_two_bg_color__hover_enabled=&#8221;off&#8221; button_two_bg_color__hover=&#8221;null&#8221;][\/et_pb_fullwidth_header][\/et_pb_section][et_pb_section fb_built=&#8221;1&#8243; next_background_color=&#8221;#CC6200&#8243; admin_label=&#8221;Blog Section&#8221; _builder_version=&#8221;4.16&#8243; custom_padding=&#8221;80px||120px||false|false&#8221; bottom_divider_style=&#8221;ramp&#8221; global_colors_info=&#8221;{}&#8221;][et_pb_row column_structure=&#8221;1_2,1_2&#8243; admin_label=&#8221;Blog Row&#8221; _builder_version=&#8221;4.16&#8243; global_colors_info=&#8221;{}&#8221;][et_pb_column type=&#8221;1_2&#8243; _builder_version=&#8221;4.16&#8243; custom_padding=&#8221;|||&#8221; global_colors_info=&#8221;{}&#8221; custom_padding__hover=&#8221;|||&#8221;][et_pb_text _builder_version=&#8221;4.27.4&#8243; text_font=&#8221;Alegreya Sans||||||||&#8221; text_font_size=&#8221;16px&#8221; text_line_height=&#8221;1.3em&#8221; header_font=&#8221;Alegreya Sans||||||||&#8221; header_2_font=&#8221;Alegreya Sans||||||||&#8221; global_colors_info=&#8221;{}&#8221;]<\/p>\n<h2>Polar Speed Kennel<\/h2>\n<h2><\/h2>\n<h2><strong>50 years of training, educating and<\/strong><\/h2>\n<h2><strong> breeding Siberian Huskies<\/strong><\/h2>\n<p><strong><\/strong><\/p>\n<p>&nbsp;<\/p>\n<p>The care and education of the kennel&#8217;s dogs is based on decades of experience in canine pack behavior, lifestyles and needs. <strong>Responsible animal care is our way of life and self-evident,<\/strong> not just a price of honor or a once-earned badge of merit that we advertise with.<\/p>\n<p>The founder of Huskypuisto, Reijo J\u00e4\u00e4skel\u00e4inen, has been breeding training and racing Siberian Huskies for over 50 years. The kennel&#8217;s sled dogs are following their original purpose, pulling a sled and living in a heard.\u00a0 \u00a0Polar Speed&#8217;s breeds have been involved in winning both Finnish and international dog sled races. They have won several Finnish and Nordic championships and successfully participated in competitions in the Alps and Pyrenees. You can find Siberian Huskies originating from Polar Speed Kennel throughout Europe.<\/p>\n<p>The kennel&#8217;s stud dogs are from\u00a0 the American Igloo Pak line. For more information follow the link:<\/p>\n<p><span style=\"text-decoration: underline;\"><strong><span style=\"font-family: helvetica, arial, sans-serif;\"><span style=\"font-size: 16px;\"> <a href=\"http:\/\/siberian-huskybloodlines.seppalasleddogs.com\/igloopak.htm\">http:\/\/siberianhuskybloodlines.seppalasleddogs.com\/igloopak.htm<\/a><\/span><\/span><\/strong><\/span><\/p>\n<p><strong><\/strong><\/p>\n<p><strong><\/strong><\/p>\n<p>&nbsp;<\/p>\n<p>[\/et_pb_text][\/et_pb_column][et_pb_column type=&#8221;1_2&#8243; _builder_version=&#8221;4.16&#8243; custom_padding=&#8221;|||&#8221; global_colors_info=&#8221;{}&#8221; custom_padding__hover=&#8221;|||&#8221;][et_pb_image src=&#8221;https:\/\/levihuskypark.fi\/wp-content\/uploads\/2022\/08\/Pennut.jpg&#8221; title_text=&#8221;Pennut&#8221; _builder_version=&#8221;4.16&#8243; _module_preset=&#8221;default&#8221; border_width_all=&#8221;1px&#8221; border_color_all=&#8221;#000000&#8243; global_colors_info=&#8221;{}&#8221;][\/et_pb_image][\/et_pb_column][\/et_pb_row][et_pb_row column_structure=&#8221;1_2,1_2&#8243; _builder_version=&#8221;4.16&#8243; _module_preset=&#8221;default&#8221; min_height=&#8221;399.6px&#8221; custom_padding=&#8221;0px|||||&#8221; global_colors_info=&#8221;{}&#8221;][et_pb_column type=&#8221;1_2&#8243; _builder_version=&#8221;4.16&#8243; _module_preset=&#8221;default&#8221; global_colors_info=&#8221;{}&#8221;][et_pb_image src=&#8221;https:\/\/levihuskypark.fi\/wp-content\/uploads\/2018\/10\/LeviHuskyParkmemories-3-of-12.jpg&#8221; alt=&#8221;LeviHuskyPark&#8221; title_text=&#8221;LeviHuskyParkmemories (3 of 12)&#8221; _builder_version=&#8221;4.16&#8243; _module_preset=&#8221;default&#8221; border_width_all=&#8221;1px&#8221; global_colors_info=&#8221;{}&#8221;][\/et_pb_image][\/et_pb_column][et_pb_column type=&#8221;1_2&#8243; _builder_version=&#8221;4.16&#8243; _module_preset=&#8221;default&#8221; global_colors_info=&#8221;{}&#8221;][et_pb_image src=&#8221;https:\/\/levihuskypark.fi\/wp-content\/uploads\/2018\/10\/LeviHuskyParkmemories-10-of-12.jpg&#8221; alt=&#8221;LeviHuskyPark&#8221; title_text=&#8221;LeviHuskyParkmemories (10 of 12)&#8221; _builder_version=&#8221;4.16&#8243; _module_preset=&#8221;default&#8221; border_width_all=&#8221;1px&#8221; global_colors_info=&#8221;{}&#8221;][\/et_pb_image][\/et_pb_column][\/et_pb_row][\/et_pb_section][et_pb_section fb_built=&#8221;1&#8243; fullwidth=&#8221;on&#8221; _builder_version=&#8221;4.27.4&#8243; _module_preset=&#8221;default&#8221; background_color=&#8221;#CC6200&#8243; global_colors_info=&#8221;{}&#8221;][et_pb_fullwidth_header title=&#8221;Contact information&#8221; text_orientation=&#8221;center&#8221; button_one_text=&#8221;levihuskypark@gmail.com&#8221; button_one_url=&#8221;mailto:levihuskypark@gmail.com&#8221; _builder_version=&#8221;4.27.4&#8243; _module_preset=&#8221;default&#8221; title_font=&#8221;Alegreya Sans||||||||&#8221; title_font_size=&#8221;36px&#8221; content_font=&#8221;Alegreya Sans||||||||&#8221; content_font_size=&#8221;20px&#8221; background_color=&#8221;#CC6200&#8243; custom_button_one=&#8221;on&#8221; button_one_text_size=&#8221;16px&#8221; button_one_text_color=&#8221;#CC6200&#8243; button_one_bg_color=&#8221;#FFFFFF&#8221; button_one_border_width=&#8221;0px&#8221; button_one_font=&#8221;Alegreya Sans||||||||&#8221; button_one_icon=&#8221;&#xf0e0;||fa||900&#8243; button_one_icon_color=&#8221;#CC6200&#8243; button_one_icon_placement=&#8221;left&#8221; button_one_on_hover=&#8221;off&#8221; global_colors_info=&#8221;{}&#8221;]<\/p>\n<p>For more information about training and breeding sled dogs<\/p>\n<p>[\/et_pb_fullwidth_header][\/et_pb_section][et_pb_section fb_built=&#8221;1&#8243; admin_label=&#8221;Footer Section&#8221; _builder_version=&#8221;4.27.4&#8243; background_color=&#8221;#232220&#8243; use_background_color_gradient=&#8221;on&#8221; background_color_gradient_direction=&#8221;181deg&#8221; background_color_gradient_stops=&#8221;rgba(35,35,0,0.97) 6%|rgba(35,34,32,0.13) 89%&#8221; background_color_gradient_start=&#8221;rgba(35,35,0,0.97)&#8221; background_color_gradient_start_position=&#8221;6%&#8221; background_color_gradient_end=&#8221;rgba(35,34,32,0.13)&#8221; background_color_gradient_end_position=&#8221;89%&#8221; background_image=&#8221;https:\/\/levihuskypark.fi\/wp-content\/uploads\/2025\/09\/siperianhuskyttyossaan-scaled.jpg&#8221; custom_padding=&#8221;80px|0px|80px|0px|true|false&#8221; saved_tabs=&#8221;all&#8221; global_colors_info=&#8221;{}&#8221;][et_pb_row column_structure=&#8221;1_4,1_2,1_4&#8243; admin_label=&#8221;Subscribe&#8221; _builder_version=&#8221;4.16&#8243; custom_margin=&#8221;|||&#8221; custom_padding=&#8221;|||&#8221; animation_style=&#8221;zoom&#8221; animation_intensity_zoom=&#8221;5%&#8221; global_colors_info=&#8221;{}&#8221;][et_pb_column type=&#8221;1_4&#8243; _builder_version=&#8221;4.16&#8243; custom_padding=&#8221;|||&#8221; global_colors_info=&#8221;{}&#8221; custom_padding__hover=&#8221;|||&#8221;][\/et_pb_column][et_pb_column type=&#8221;1_2&#8243; _builder_version=&#8221;4.16&#8243; custom_padding=&#8221;|||&#8221; global_colors_info=&#8221;{}&#8221; custom_padding__hover=&#8221;|||&#8221;][\/et_pb_column][et_pb_column type=&#8221;1_4&#8243; _builder_version=&#8221;4.16&#8243; custom_padding=&#8221;|||&#8221; global_colors_info=&#8221;{}&#8221; custom_padding__hover=&#8221;|||&#8221;][\/et_pb_column][\/et_pb_row][\/et_pb_section]<\/p>\n","protected":false},"excerpt":{"rendered":"<p>Polar Speed Kennel 50 years of training, educating and breeding Siberian Huskies &nbsp; The care and education of the kennel&#8217;s dogs is based on decades of experience in canine pack behavior, lifestyles and needs. Responsible animal care is our way of life and self-evident, not just a price of honor or a once-earned badge of [&hellip;]<\/p>\n","protected":false},"author":1,"featured_media":0,"parent":0,"menu_order":0,"comment_status":"closed","ping_status":"closed","template":"","meta":{"_et_pb_use_builder":"on","_et_pb_old_content":"","_et_gb_content_width":"","_monsterinsights_skip_tracking":false,"_monsterinsights_sitenote_active":false,"_monsterinsights_sitenote_note":"","_monsterinsights_sitenote_category":0,"footnotes":""},"class_list":["post-436","page","type-page","status-publish","hentry"],"yoast_head":"<!-- This site is optimized with the Yoast SEO plugin v27.3 - https:\/\/yoast.com\/product\/yoast-seo-wordpress\/ -->\n<title>Polar Speed Kennel - Levi Huskypark<\/title>\n<meta name=\"description\" content=\"Read more about Polar Speed Kennel, 50 years of training, educating and breeding Siberian Huskies.\" \/>\n<meta name=\"robots\" content=\"index, follow, max-snippet:-1, max-image-preview:large, max-video-preview:-1\" \/>\n<link rel=\"canonical\" href=\"https:\/\/levihuskypark.fi\/en\/kennel\/\" \/>\n<meta property=\"og:locale\" content=\"en_US\" \/>\n<meta property=\"og:type\" content=\"article\" \/>\n<meta property=\"og:title\" content=\"Polar Speed Kennel - Levi Huskypark\" \/>\n<meta property=\"og:description\" content=\"Read more about Polar Speed Kennel, 50 years of training, educating and breeding Siberian Huskies.\" \/>\n<meta property=\"og:url\" content=\"https:\/\/levihuskypark.fi\/en\/kennel\/\" \/>\n<meta property=\"og:site_name\" content=\"Levin Huskypuisto\" \/>\n<meta property=\"article:modified_time\" content=\"2025-10-27T07:30:50+00:00\" \/>\n<meta name=\"twitter:card\" content=\"summary_large_image\" \/>\n<meta name=\"twitter:label1\" content=\"Est. reading time\" \/>\n\t<meta name=\"twitter:data1\" content=\"2 minutes\" \/>\n<script type=\"application\/ld+json\" class=\"yoast-schema-graph\">{\"@context\":\"https:\\\/\\\/schema.org\",\"@graph\":[{\"@type\":\"WebPage\",\"@id\":\"https:\\\/\\\/levihuskypark.fi\\\/en\\\/kennel\\\/\",\"url\":\"https:\\\/\\\/levihuskypark.fi\\\/en\\\/kennel\\\/\",\"name\":\"Polar Speed Kennel - Levi Huskypark\",\"isPartOf\":{\"@id\":\"https:\\\/\\\/levihuskypark.fi\\\/#website\"},\"datePublished\":\"2018-12-03T22:19:54+00:00\",\"dateModified\":\"2025-10-27T07:30:50+00:00\",\"description\":\"Read more about Polar Speed Kennel, 50 years of training, educating and breeding Siberian Huskies.\",\"breadcrumb\":{\"@id\":\"https:\\\/\\\/levihuskypark.fi\\\/en\\\/kennel\\\/#breadcrumb\"},\"inLanguage\":\"en-US\",\"potentialAction\":[{\"@type\":\"ReadAction\",\"target\":[\"https:\\\/\\\/levihuskypark.fi\\\/en\\\/kennel\\\/\"]}]},{\"@type\":\"BreadcrumbList\",\"@id\":\"https:\\\/\\\/levihuskypark.fi\\\/en\\\/kennel\\\/#breadcrumb\",\"itemListElement\":[{\"@type\":\"ListItem\",\"position\":1,\"name\":\"Home\",\"item\":\"https:\\\/\\\/levihuskypark.fi\\\/en\\\/\"},{\"@type\":\"ListItem\",\"position\":2,\"name\":\"kennel\"}]},{\"@type\":\"WebSite\",\"@id\":\"https:\\\/\\\/levihuskypark.fi\\\/#website\",\"url\":\"https:\\\/\\\/levihuskypark.fi\\\/\",\"name\":\"Levin Huskypuisto\",\"description\":\"Huskyajelut ja opastetut puistokierrokset | 30 vuotta luontoel\u00e4myksi\u00e4!\",\"potentialAction\":[{\"@type\":\"SearchAction\",\"target\":{\"@type\":\"EntryPoint\",\"urlTemplate\":\"https:\\\/\\\/levihuskypark.fi\\\/?s={search_term_string}\"},\"query-input\":{\"@type\":\"PropertyValueSpecification\",\"valueRequired\":true,\"valueName\":\"search_term_string\"}}],\"inLanguage\":\"en-US\"}]}<\/script>\n<!-- \/ Yoast SEO plugin. -->","yoast_head_json":{"title":"Polar Speed Kennel - Levi Huskypark","description":"Read more about Polar Speed Kennel, 50 years of training, educating and breeding Siberian Huskies.","robots":{"index":"index","follow":"follow","max-snippet":"max-snippet:-1","max-image-preview":"max-image-preview:large","max-video-preview":"max-video-preview:-1"},"canonical":"https:\/\/levihuskypark.fi\/en\/kennel\/","og_locale":"en_US","og_type":"article","og_title":"Polar Speed Kennel - Levi Huskypark","og_description":"Read more about Polar Speed Kennel, 50 years of training, educating and breeding Siberian Huskies.","og_url":"https:\/\/levihuskypark.fi\/en\/kennel\/","og_site_name":"Levin Huskypuisto","article_modified_time":"2025-10-27T07:30:50+00:00","twitter_card":"summary_large_image","twitter_misc":{"Est. reading time":"2 minutes"},"schema":{"@context":"https:\/\/schema.org","@graph":[{"@type":"WebPage","@id":"https:\/\/levihuskypark.fi\/en\/kennel\/","url":"https:\/\/levihuskypark.fi\/en\/kennel\/","name":"Polar Speed Kennel - Levi Huskypark","isPartOf":{"@id":"https:\/\/levihuskypark.fi\/#website"},"datePublished":"2018-12-03T22:19:54+00:00","dateModified":"2025-10-27T07:30:50+00:00","description":"Read more about Polar Speed Kennel, 50 years of training, educating and breeding Siberian Huskies.","breadcrumb":{"@id":"https:\/\/levihuskypark.fi\/en\/kennel\/#breadcrumb"},"inLanguage":"en-US","potentialAction":[{"@type":"ReadAction","target":["https:\/\/levihuskypark.fi\/en\/kennel\/"]}]},{"@type":"BreadcrumbList","@id":"https:\/\/levihuskypark.fi\/en\/kennel\/#breadcrumb","itemListElement":[{"@type":"ListItem","position":1,"name":"Home","item":"https:\/\/levihuskypark.fi\/en\/"},{"@type":"ListItem","position":2,"name":"kennel"}]},{"@type":"WebSite","@id":"https:\/\/levihuskypark.fi\/#website","url":"https:\/\/levihuskypark.fi\/","name":"Levin Huskypuisto","description":"Huskyajelut ja opastetut puistokierrokset | 30 vuotta luontoel\u00e4myksi\u00e4!","potentialAction":[{"@type":"SearchAction","target":{"@type":"EntryPoint","urlTemplate":"https:\/\/levihuskypark.fi\/?s={search_term_string}"},"query-input":{"@type":"PropertyValueSpecification","valueRequired":true,"valueName":"search_term_string"}}],"inLanguage":"en-US"}]}},"_links":{"self":[{"href":"https:\/\/levihuskypark.fi\/en\/wp-json\/wp\/v2\/pages\/436","targetHints":{"allow":["GET"]}}],"collection":[{"href":"https:\/\/levihuskypark.fi\/en\/wp-json\/wp\/v2\/pages"}],"about":[{"href":"https:\/\/levihuskypark.fi\/en\/wp-json\/wp\/v2\/types\/page"}],"author":[{"embeddable":true,"href":"https:\/\/levihuskypark.fi\/en\/wp-json\/wp\/v2\/users\/1"}],"replies":[{"embeddable":true,"href":"https:\/\/levihuskypark.fi\/en\/wp-json\/wp\/v2\/comments?post=436"}],"version-history":[{"count":20,"href":"https:\/\/levihuskypark.fi\/en\/wp-json\/wp\/v2\/pages\/436\/revisions"}],"predecessor-version":[{"id":2756,"href":"https:\/\/levihuskypark.fi\/en\/wp-json\/wp\/v2\/pages\/436\/revisions\/2756"}],"wp:attachment":[{"href":"https:\/\/levihuskypark.fi\/en\/wp-json\/wp\/v2\/media?parent=436"}],"curies":[{"name":"wp","href":"https:\/\/api.w.org\/{rel}","templated":true}]}}